{"id":866,"date":"2016-04-13T15:15:36","date_gmt":"2016-04-13T14:15:36","guid":{"rendered":"http:\/\/www.artisanat-services.com\/blog\/?page_id=866"},"modified":"2017-01-11T22:34:35","modified_gmt":"2017-01-11T21:34:35","slug":"fuite-sur-pipe-de-sortie-de-wc-paris","status":"publish","type":"page","link":"https:\/\/www.artisanat-services.com\/blog\/fuite-sur-pipe-de-sortie-de-wc-paris\/","title":{"rendered":"Fuite sur pipe de sortie de WC paris"},"content":{"rendered":"<h1>Les fuites sur votre pipe de sortie de WC<\/h1>\n<p style=\"text-align: center;\"><a href=\"http:\/\/www.artisanat-services.com\/blog\/wp-content\/uploads\/2016\/04\/fuite.jpg\"><img loading=\"lazy\" class=\"alignnone wp-image-869 size-full\" src=\"http:\/\/www.artisanat-services.com\/blog\/wp-content\/uploads\/2016\/04\/fuite.jpg\" alt=\"fuite sur pipe toilette wc \" width=\"259\" height=\"194\" \/><\/a><\/p>\n<div>\n<div class=\"field field-name-body field-type-text-with-summary field-label-hidden\">\n<div class=\"field-items\">\n<div class=\"field-item even\">\n<p>Votre WC a besoin de plusieurs m\u00e9canismes afin de fonctionner sans probl\u00e8me, mais l\u2019un des plus importants est votre pipe de sortie de WC. En cas de dysfonctionnement sur ce conduit de WC, les eaux us\u00e9 ne pourront plus coul\u00e9 dans votre tuyau d\u2019\u00e9vacuation des eaux us\u00e9es, et s\u2019\u00e9couleront sur votre sol ou ne s\u2019\u00e9couleront plus du tout.<\/p>\n<p>L\u2019une ou l\u2019autre de ces situations sera causera des dommages sur votre domicile, puisque vos toilettes ne pourront plus \u00eatre utilis\u00e9es. <strong>En cas de pipe WC v\u00e9tuste<\/strong>, ou simplement mal raccord\u00e9e \u00e0 vos toilettes ou \u00e0 l\u2019\u00e9vacuation des eaux us\u00e9es,il y a de forte craindre qu&rsquo;une fuite chez vos voisins ou chez vous se d\u00e9clare.<\/p>\n<p>&nbsp;<\/p>\n<h2>La pipe d\u2019\u00e9vacuation WC est vieille<\/h2>\n<p>Si votre pipe de sortie de WC est trop ab\u00eem\u00e9e, il y a des risques de fuite puisque le raccord entre vos WC et l\u2019\u00e9vacuation des eaux us\u00e9es ne se fera plus normalement. <strong>Il est conseill\u00e9 donc de l&rsquo;\u00e9chang\u00e9<\/strong>. En cas de v\u00e9tust\u00e9 de ce m\u00e9canisme de sortie de WC le remplacement ainsi que le d\u00e9g\u00e2ts caus\u00e9 par \u00a0l&rsquo;eau (s\u2019il y en a un) sera \u00e0 la charge du propri\u00e9taire en cas de location. Dans le cas ou <a rel=\"nofollow\" href=\"http:\/\/www.sani-broyeur.com\/\">c&rsquo;est un broyeur wc , le d\u00e9bouchage<\/a> ne se fait pas avec un furet ou de la pression; il faut d\u00e9monter le sanibroyeur .<\/p>\n<h2>Que faire en cas d\u2019engorgement\u00a0pipe de sortie de WC<\/h2>\n<p style=\"text-align: center;\"><a href=\"http:\/\/www.artisanat-services.com\/blog\/wp-content\/uploads\/2016\/04\/engorg\u00e9.jpg\"><img loading=\"lazy\" class=\"alignnone size-full wp-image-870\" src=\"http:\/\/www.artisanat-services.com\/blog\/wp-content\/uploads\/2016\/04\/engorg\u00e9.jpg\" alt=\"engorg\u00e9\" width=\"128\" height=\"131\" \/><\/a><\/p>\n<p>Si votre <strong>pipe d\u2019\u00e9vacuation de WC est engorg\u00e9<\/strong>, l\u2019eau remontera quand vous tirerez la chasse, au lieu de s\u2019\u00e9couler. Il faut donc utiliser un furet afin de d\u00e9sengorg\u00e9 votre conduit, et permettre la sortie des eaux us\u00e9es. L\u2019eau pourra alors s\u2019\u00e9couler normalement dans le conduit des eaux us\u00e9es. Le d\u00e9gorgement de vos canalisation, et donc de la pipe de sortie est \u00e0 la charge du locataire.<\/p>\n<p>&nbsp;<\/p>\n<h2>Les diff\u00e9rents mod\u00e8les\u00a0pipe de sortie de WC<\/h2>\n<p><a href=\"http:\/\/www.artisanat-services.com\/blog\/wp-content\/uploads\/2016\/04\/type.jpg\"><img loading=\"lazy\" class=\"alignnone size-full wp-image-871 aligncenter\" src=\"http:\/\/www.artisanat-services.com\/blog\/wp-content\/uploads\/2016\/04\/type.jpg\" alt=\"type\" width=\"280\" height=\"120\" \/><\/a><\/p>\n<p>Il existe <strong>deux mod\u00e8les distinct<\/strong> de pipe de sortie de WC: le mod\u00e8le \u00e0 sortie horizontale et celui \u00e0 sortie verticale.<\/p>\n<p><strong>La pipe de sortie verticale<\/strong> vous permettra de gagner un peu de place dans vos toilettes, puisque le m\u00e9canisme s&#8217;embo\u00eetera directement dans le conduit des eaux us\u00e9es. <strong>La pipe de sortie horizontale<\/strong> prendra plus d\u2019espace puisque ce tuyau prendra de la place derri\u00e8re vos toilettes, et qu\u2019elle ne pourront donc pas \u00eatre situ\u00e9es au ras du mur.<\/p>\n<p>L\u2019\u00e9vacuation de vos toilettes d\u00e9pend de la place que vous avez dans vos toilettes, ainsi que de la disposition de votre conduit d\u2019\u00e9vacuation d\u2019eau us\u00e9es.<\/p>\n<p>&nbsp;<\/p>\n<\/div>\n<\/div>\n<\/div>\n<div class=\"field field-name-field-tags field-type-taxonomy-term-reference field-label-above\"><\/div>\n<\/div>\n<div class=\"social-share-buttons\">\n<div class=\"fb-share-button fb_iframe_widget\" data-href=\"https:\/\/www.mesdepanneurs.fr\/blog\/votre-pipe-de-sortie-des-wc-fuit\" data-layout=\"button\"><\/div>\n<div id=\"___plus_0\"><\/div>\n<p><span class=\"IN-widget\"><span id=\"li_ui_li_gen_1460553745883_0\"><br \/>\n<\/span><\/span><\/p>\n<\/div>\n<div class=\"blog-banner\"><\/div>\n<div class=\"similar-articles\"><\/div>\n","protected":false},"excerpt":{"rendered":"<p>Les fuites sur votre pipe de sortie de WC Votre WC a besoin de plusieurs m\u00e9canismes afin de fonctionner sans probl\u00e8me, mais l\u2019un des plus importants est votre pipe de sortie de WC. En cas de dysfonctionnement sur ce conduit de WC, les eaux us\u00e9 ne pourront plus coul\u00e9 dans votre tuyau d\u2019\u00e9vacuation des eaux [&hellip;]<\/p>\n","protected":false},"author":1,"featured_media":0,"parent":0,"menu_order":0,"comment_status":"closed","ping_status":"open","template":"","meta":[],"yoast_head":"<!-- This site is optimized with the Yoast SEO plugin v14.9 - https:\/\/yoast.com\/wordpress\/plugins\/seo\/ -->\n<title>Pipe de sortie de WC<\/title>\n<meta name=\"description\" content=\"les fuites de Pipe de sortie de WC\" \/>\n<meta name=\"robots\" content=\"index, follow, max-snippet:-1, max-image-preview:large, max-video-preview:-1\" \/>\n<link rel=\"canonical\" href=\"https:\/\/www.artisanat-services.com\/blog\/fuite-sur-pipe-de-sortie-de-wc-paris\/\" \/>\n<meta property=\"og:locale\" content=\"fr_FR\" \/>\n<meta property=\"og:type\" content=\"article\" \/>\n<meta property=\"og:title\" content=\"Pipe de sortie de WC\" \/>\n<meta property=\"og:description\" content=\"les fuites de Pipe de sortie de WC\" \/>\n<meta property=\"og:url\" content=\"https:\/\/www.artisanat-services.com\/blog\/fuite-sur-pipe-de-sortie-de-wc-paris\/\" \/>\n<meta property=\"og:site_name\" content=\"Artisans professionnels plombier serrurier vitrier \u00e9lectricien r\u00e9novation d&#039;appartement\" \/>\n<meta property=\"article:publisher\" content=\"https:\/\/www.facebook.com\/serrurier\" \/>\n<meta property=\"article:modified_time\" content=\"2017-01-11T21:34:35+00:00\" \/>\n<meta property=\"og:image\" content=\"http:\/\/www.artisanat-services.com\/blog\/wp-content\/uploads\/2016\/04\/fuite.jpg\" \/>\n<script type=\"application\/ld+json\" class=\"yoast-schema-graph\">{\"@context\":\"https:\/\/schema.org\",\"@graph\":[{\"@type\":\"WebSite\",\"@id\":\"https:\/\/www.artisanat-services.com\/blog\/#website\",\"url\":\"https:\/\/www.artisanat-services.com\/blog\/\",\"name\":\"Artisans professionnels plombier serrurier vitrier \\u00e9lectricien r\\u00e9novation d&#039;appartement\",\"description\":\"Des Artisans Specialistes dans chaque Domaine Artisanal\",\"potentialAction\":[{\"@type\":\"SearchAction\",\"target\":\"https:\/\/www.artisanat-services.com\/blog\/?s={search_term_string}\",\"query-input\":\"required name=search_term_string\"}],\"inLanguage\":\"fr-FR\"},{\"@type\":\"ImageObject\",\"@id\":\"https:\/\/www.artisanat-services.com\/blog\/fuite-sur-pipe-de-sortie-de-wc-paris\/#primaryimage\",\"inLanguage\":\"fr-FR\",\"url\":\"http:\/\/www.artisanat-services.com\/blog\/wp-content\/uploads\/2016\/04\/fuite.jpg\"},{\"@type\":\"WebPage\",\"@id\":\"https:\/\/www.artisanat-services.com\/blog\/fuite-sur-pipe-de-sortie-de-wc-paris\/#webpage\",\"url\":\"https:\/\/www.artisanat-services.com\/blog\/fuite-sur-pipe-de-sortie-de-wc-paris\/\",\"name\":\"Pipe de sortie de WC\",\"isPartOf\":{\"@id\":\"https:\/\/www.artisanat-services.com\/blog\/#website\"},\"primaryImageOfPage\":{\"@id\":\"https:\/\/www.artisanat-services.com\/blog\/fuite-sur-pipe-de-sortie-de-wc-paris\/#primaryimage\"},\"datePublished\":\"2016-04-13T14:15:36+00:00\",\"dateModified\":\"2017-01-11T21:34:35+00:00\",\"description\":\"les fuites de Pipe de sortie de WC\",\"inLanguage\":\"fr-FR\",\"potentialAction\":[{\"@type\":\"ReadAction\",\"target\":[\"https:\/\/www.artisanat-services.com\/blog\/fuite-sur-pipe-de-sortie-de-wc-paris\/\"]}]}]}<\/script>\n<!-- \/ Yoast SEO plugin. -->","_links":{"self":[{"href":"https:\/\/www.artisanat-services.com\/blog\/wp-json\/wp\/v2\/pages\/866"}],"collection":[{"href":"https:\/\/www.artisanat-services.com\/blog\/wp-json\/wp\/v2\/pages"}],"about":[{"href":"https:\/\/www.artisanat-services.com\/blog\/wp-json\/wp\/v2\/types\/page"}],"author":[{"embeddable":true,"href":"https:\/\/www.artisanat-services.com\/blog\/wp-json\/wp\/v2\/users\/1"}],"replies":[{"embeddable":true,"href":"https:\/\/www.artisanat-services.com\/blog\/wp-json\/wp\/v2\/comments?post=866"}],"version-history":[{"count":0,"href":"https:\/\/www.artisanat-services.com\/blog\/wp-json\/wp\/v2\/pages\/866\/revisions"}],"wp:attachment":[{"href":"https:\/\/www.artisanat-services.com\/blog\/wp-json\/wp\/v2\/media?parent=866"}],"curies":[{"name":"wp","href":"https:\/\/api.w.org\/{rel}","templated":true}]}}