{"id":62,"date":"2010-01-28T17:02:56","date_gmt":"2010-01-28T16:02:56","guid":{"rendered":"http:\/\/www.artisanat-services.com\/blog\/?page_id=62"},"modified":"2010-01-28T17:03:20","modified_gmt":"2010-01-28T16:03:20","slug":"la-geothermie","status":"publish","type":"page","link":"https:\/\/www.artisanat-services.com\/blog\/la-geothermie\/","title":{"rendered":"La g\u00e9othermie"},"content":{"rendered":"<p>La g\u00e9othermie (du grec \u201cG\u00ea\u201d, la terre, et \u201cThermie\u201d, la chaleur)          consiste \u00e0 capter la chaleur de la cro\u00fbte terrestre pour          produire du chauffage (temp\u00e9rature inf\u00e9rieure \u00e0 90\u00b0)          ou de l\u2019\u00e9lectricit\u00e9 (temp\u00e9rature entre 90 et          150\u00b0).<\/p>\n<p><span style=\"text-decoration: underline;\">Applications et Exemples<\/span><\/p>\n<div>Le probl\u00e8me principal de la g\u00e9othermie est que c\u2019est une \u00e9nergie qui ne se transporte pas ou tr\u00e8s            peu. Le transport de l\u2019eau chaude dans les canalisations co\u00fbte            cher et les pertes sont tr\u00e8s importantes.<\/div>\n<p><img loading=\"lazy\" usemap=\"#Map\" src=\"http:\/\/www.fnh.org\/naturoscope\/Energie\/Geothermie\/Images\/camenbert.gif\" border=\"0\" alt=\"\" width=\"434\" height=\"208\" \/><\/p>\n<p><span style=\"text-decoration: underline;\">int\u00e9r\u00eats et limites<\/span><\/p>\n<p>Les avantages<\/p>\n<p>C\u2019est une source d\u2019\u00e9nergie gratuite, renouvelable et dont l\u2019exploitation ne co\u00fbte pas cher. Les installations qui utilisent la g\u00e9othermie ne polluent pas l\u2019atmosph\u00e8re.<\/p>\n<p>La cog\u00e9n\u00e9ration,            c\u2019est-\u00e0-dire la production d\u2019\u00e9lectricit\u00e9            en m\u00eame temps que la chaleur peut encore augmenter l\u2019int\u00e9r\u00eat            de la g\u00e9othermie.<strong><\/strong><\/p>\n<p>Les limites<\/p>\n<p>C\u2019est une \u00e9nergie qui se transporte difficilement, elle doit donc \u00eatre utilis\u00e9e sur place.<br \/>\nLes investissements pour pomper l\u2019eau chaude peuvent parfois \u00eatre importants.<\/p>\n","protected":false},"excerpt":{"rendered":"<p>La g\u00e9othermie (du grec \u201cG\u00ea\u201d, la terre, et \u201cThermie\u201d, la chaleur) consiste \u00e0 capter la chaleur de la cro\u00fbte terrestre pour produire du chauffage (temp\u00e9rature inf\u00e9rieure \u00e0 90\u00b0) ou de l\u2019\u00e9lectricit\u00e9 (temp\u00e9rature entre 90 et 150\u00b0). Applications et Exemples Le probl\u00e8me principal de la g\u00e9othermie est que c\u2019est une \u00e9nergie qui ne se transporte pas [&hellip;]<\/p>\n","protected":false},"author":1,"featured_media":0,"parent":0,"menu_order":0,"comment_status":"open","ping_status":"open","template":"","meta":[],"yoast_head":"<!-- This site is optimized with the Yoast SEO plugin v14.9 - https:\/\/yoast.com\/wordpress\/plugins\/seo\/ -->\n<title>La g\u00e9othermie<\/title>\n<meta name=\"robots\" content=\"index, follow, max-snippet:-1, max-image-preview:large, max-video-preview:-1\" \/>\n<link rel=\"canonical\" href=\"https:\/\/www.artisanat-services.com\/blog\/la-geothermie\/\" \/>\n<meta property=\"og:locale\" content=\"fr_FR\" \/>\n<meta property=\"og:type\" content=\"article\" \/>\n<meta property=\"og:title\" content=\"La g\u00e9othermie\" \/>\n<meta property=\"og:description\" content=\"La g\u00e9othermie (du grec \u201cG\u00ea\u201d, la terre, et \u201cThermie\u201d, la chaleur) consiste \u00e0 capter la chaleur de la cro\u00fbte terrestre pour produire du chauffage (temp\u00e9rature inf\u00e9rieure \u00e0 90\u00b0) ou de l\u2019\u00e9lectricit\u00e9 (temp\u00e9rature entre 90 et 150\u00b0). Applications et Exemples Le probl\u00e8me principal de la g\u00e9othermie est que c\u2019est une \u00e9nergie qui ne se transporte pas [&hellip;]\" \/>\n<meta property=\"og:url\" content=\"https:\/\/www.artisanat-services.com\/blog\/la-geothermie\/\" \/>\n<meta property=\"og:site_name\" content=\"Artisans professionnels plombier serrurier vitrier \u00e9lectricien r\u00e9novation d&#039;appartement\" \/>\n<meta property=\"article:publisher\" content=\"https:\/\/www.facebook.com\/serrurier\" \/>\n<meta property=\"article:modified_time\" content=\"2010-01-28T16:03:20+00:00\" \/>\n<meta property=\"og:image\" content=\"http:\/\/www.fnh.org\/naturoscope\/Energie\/Geothermie\/Images\/camenbert.gif\" \/>\n<script type=\"application\/ld+json\" class=\"yoast-schema-graph\">{\"@context\":\"https:\/\/schema.org\",\"@graph\":[{\"@type\":\"WebSite\",\"@id\":\"https:\/\/www.artisanat-services.com\/blog\/#website\",\"url\":\"https:\/\/www.artisanat-services.com\/blog\/\",\"name\":\"Artisans professionnels plombier serrurier vitrier \\u00e9lectricien r\\u00e9novation d&#039;appartement\",\"description\":\"Des Artisans Specialistes dans chaque Domaine Artisanal\",\"potentialAction\":[{\"@type\":\"SearchAction\",\"target\":\"https:\/\/www.artisanat-services.com\/blog\/?s={search_term_string}\",\"query-input\":\"required name=search_term_string\"}],\"inLanguage\":\"fr-FR\"},{\"@type\":\"ImageObject\",\"@id\":\"https:\/\/www.artisanat-services.com\/blog\/la-geothermie\/#primaryimage\",\"inLanguage\":\"fr-FR\",\"url\":\"http:\/\/www.fnh.org\/naturoscope\/Energie\/Geothermie\/Images\/camenbert.gif\"},{\"@type\":\"WebPage\",\"@id\":\"https:\/\/www.artisanat-services.com\/blog\/la-geothermie\/#webpage\",\"url\":\"https:\/\/www.artisanat-services.com\/blog\/la-geothermie\/\",\"name\":\"La g\\u00e9othermie\",\"isPartOf\":{\"@id\":\"https:\/\/www.artisanat-services.com\/blog\/#website\"},\"primaryImageOfPage\":{\"@id\":\"https:\/\/www.artisanat-services.com\/blog\/la-geothermie\/#primaryimage\"},\"datePublished\":\"2010-01-28T16:02:56+00:00\",\"dateModified\":\"2010-01-28T16:03:20+00:00\",\"inLanguage\":\"fr-FR\",\"potentialAction\":[{\"@type\":\"ReadAction\",\"target\":[\"https:\/\/www.artisanat-services.com\/blog\/la-geothermie\/\"]}]}]}<\/script>\n<!-- \/ Yoast SEO plugin. -->","_links":{"self":[{"href":"https:\/\/www.artisanat-services.com\/blog\/wp-json\/wp\/v2\/pages\/62"}],"collection":[{"href":"https:\/\/www.artisanat-services.com\/blog\/wp-json\/wp\/v2\/pages"}],"about":[{"href":"https:\/\/www.artisanat-services.com\/blog\/wp-json\/wp\/v2\/types\/page"}],"author":[{"embeddable":true,"href":"https:\/\/www.artisanat-services.com\/blog\/wp-json\/wp\/v2\/users\/1"}],"replies":[{"embeddable":true,"href":"https:\/\/www.artisanat-services.com\/blog\/wp-json\/wp\/v2\/comments?post=62"}],"version-history":[{"count":0,"href":"https:\/\/www.artisanat-services.com\/blog\/wp-json\/wp\/v2\/pages\/62\/revisions"}],"wp:attachment":[{"href":"https:\/\/www.artisanat-services.com\/blog\/wp-json\/wp\/v2\/media?parent=62"}],"curies":[{"name":"wp","href":"https:\/\/api.w.org\/{rel}","templated":true}]}}