{"id":1331,"date":"2022-05-25T12:29:50","date_gmt":"2022-05-25T11:29:50","guid":{"rendered":"https:\/\/www.artisanat-services.com\/blog\/?page_id=1331"},"modified":"2023-01-05T23:36:57","modified_gmt":"2023-01-05T22:36:57","slug":"renovation-appartement-sur-paris-et-idf","status":"publish","type":"page","link":"https:\/\/www.artisanat-services.com\/blog\/renovation-appartement-sur-paris-et-idf\/","title":{"rendered":"R\u00e9novation appartement sur Paris et IDF"},"content":{"rendered":"\n<p>La r\u00e9novation d&rsquo;un appartement \u00e0 Paris et en \u00cele-de-France peut \u00eatre un projet passionnant, mais cela peut \u00e9galement \u00eatre source de stress et de pr\u00e9occupations. En effet, la r\u00e9novation d&rsquo;un appartement implique de nombreuses d\u00e9cisions et de nombreux choix, notamment en ce qui concerne le budget, les mat\u00e9riaux, les couleurs, etc.<\/p>\n\n\n\n<p>Il est donc important de bien planifier votre projet de r\u00e9novation et de prendre le temps de r\u00e9fl\u00e9chir \u00e0 vos besoins et \u00e0 vos envies. Vous devrez \u00e9galement tenir compte de la r\u00e9glementation en vigueur, notamment en mati\u00e8re de s\u00e9curit\u00e9 et de respect de l&rsquo;environnement.<\/p>\n\n\n\n<p>Pour mener \u00e0 bien votre projet de r\u00e9novation, il est recommand\u00e9 de faire appel \u00e0 un professionnel exp\u00e9riment\u00e9. Un professionnel sera en mesure de vous conseiller sur les meilleures solutions et de vous accompagner tout au long de votre projet, de la conception \u00e0 la r\u00e9alisation finale.<\/p>\n\n\n\n<p>Il est \u00e9galement important de pr\u00e9voir un budget suffisant pour votre projet de r\u00e9novation. En effet, la r\u00e9novation peut souvent co\u00fbter plus cher que pr\u00e9vu, notamment si des impr\u00e9vus surgissent. Il est donc recommand\u00e9 de pr\u00e9voir un budget en cons\u00e9quence et de ne pas h\u00e9siter \u00e0 faire appel \u00e0 plusieurs professionnels pour obtenir des devis et comparer les prix.<\/p>\n\n\n\n<p>En r\u00e9sum\u00e9, la r\u00e9novation d&rsquo;un appartement \u00e0 Paris et en \u00cele-de-France est un projet passionnant, mais qui peut \u00e9galement \u00eatre source de stress et de pr\u00e9occupations. Il est donc important de bien planifier votre projet, de faire appel \u00e0 un professionnel exp\u00e9riment\u00e9 et de pr\u00e9voir un budget suffisant.<\/p>\n\n\n\n<p><\/p>\n\n\n\n<h2>Pourquoi envisager la r\u00e9novation d&rsquo;un appartement en Ile de France ?<\/h2>\n\n\n\n<ul><li>peut prendre en charge les loyers plus \u00e9lev\u00e9s que vous devrez peut-\u00eatre facturer<\/li><li>r\u00e9duit les co\u00fbts de maintenance futurs et les grosses factures de r\u00e9paration<\/li><li>am\u00e9liore le style de vie, le confort, la s\u00e9curit\u00e9 et le plaisir des locataires<\/li><li>offre des nouvelles fonctionnalit\u00e9s, une meilleure utilisation de l&rsquo;espace et des espaces de stockage suppl\u00e9mentaires<\/li><li>ouvre un nouvel espace pour accueillir des meubles ou des lits vraiment convivial<\/li><li>am\u00e9liore la valeur de l&rsquo;appartement v\u00e9ritablement <\/li><li>mieux rivaliser avec les propri\u00e9t\u00e9s et unit\u00e9s locatives des autres propri\u00e9taires<\/li><li>les taux d&rsquo;int\u00e9r\u00eat sont bas, ce qui maintient vos co\u00fbts de financement \u00e0 un faible niveau<\/li><li>d\u00e9duire vos co\u00fbts d&rsquo;am\u00e9lioration de l&rsquo;habitat de vos imp\u00f4ts pour une r\u00e9novation d&rsquo;appartement \u00e9conomique<\/li><li><a href=\"https:\/\/handicap.gouv.fr\/mes-aides-et-demarches\">des aides\/subventions peuvent \u00eatre disponibles pour l&rsquo;acc\u00e8s des personnes handicap\u00e9es<\/a><\/li><li>subventions\/rabais pour les mises \u00e0 niveau \u00e9co-\u00e9nerg\u00e9tiques<\/li><\/ul>\n\n\n\n<figure class=\"wp-block-image size-large\"><a href=\"https:\/\/www.artisanat-services.com\/blog\/wp-content\/uploads\/2022\/05\/renovation-appartement-paris-et-idf.jpg\"><img loading=\"lazy\" width=\"1024\" height=\"507\" src=\"https:\/\/www.artisanat-services.com\/blog\/wp-content\/uploads\/2022\/05\/renovation-appartement-paris-et-idf-1024x507.jpg\" alt=\"\" class=\"wp-image-1332\" srcset=\"https:\/\/www.artisanat-services.com\/blog\/wp-content\/uploads\/2022\/05\/renovation-appartement-paris-et-idf-1024x507.jpg 1024w, https:\/\/www.artisanat-services.com\/blog\/wp-content\/uploads\/2022\/05\/renovation-appartement-paris-et-idf-300x149.jpg 300w, https:\/\/www.artisanat-services.com\/blog\/wp-content\/uploads\/2022\/05\/renovation-appartement-paris-et-idf-768x380.jpg 768w, https:\/\/www.artisanat-services.com\/blog\/wp-content\/uploads\/2022\/05\/renovation-appartement-paris-et-idf-1536x760.jpg 1536w, https:\/\/www.artisanat-services.com\/blog\/wp-content\/uploads\/2022\/05\/renovation-appartement-paris-et-idf.jpg 2000w\" sizes=\"(max-width: 1024px) 100vw, 1024px\" \/><\/a><figcaption>r\u00e9novation d&rsquo;appartement sur Paris<\/figcaption><\/figure>\n\n\n\n<p class=\"has-text-align-center\"><strong><mark style=\"background-color:rgba(0, 0, 0, 0)\" class=\"has-inline-color has-vivid-cyan-blue-color\">DEVIS sur simple appel : 01.40.26.46.41<\/mark><\/strong><\/p>\n\n\n\n<h2><strong>Comment am\u00e9liorer la vie de votre locataire<\/strong> avec une nouvelle r\u00e9novation d&rsquo;appartement<\/h2>\n\n\n\n<h2>Les 20 fa\u00e7ons d&rsquo;am\u00e9liorer le style de vie de votre locataire<\/h2>\n\n\n\n<p>Ces 20 id\u00e9es de r\u00e9novation d&rsquo;appartements vont au c\u0153ur de ce qui attire les locataires et les incite \u00e0 payer un loyer plus \u00e9lev\u00e9.&nbsp;Vous devriez \u00e9tudier les am\u00e9liorations qui entra\u00eeneront&nbsp;une hausse des prix des loyers&nbsp;.&nbsp;L&#8217;emploi et les salaires augmentent et&nbsp;les locataires de qualit\u00e9&nbsp;seront pr\u00eats \u00e0 payer ce&nbsp;loyer plus \u00e9lev\u00e9&nbsp;.<\/p>\n\n\n\n<ol><li><strong>peinture int\u00e9rieure \u00e9l\u00e9gante<\/strong>&nbsp;\u2013 plut\u00f4t qu&rsquo;une couleur blanc cass\u00e9 pour tout l&rsquo;appartement, que diriez-vous de diff\u00e9rentes nuances pour diff\u00e9rentes zones ?&nbsp;La peinture est un moyen abordable de rehausser l&rsquo;apparence pour cr\u00e9er une exp\u00e9rience agr\u00e9able pour les locataires.<\/li><li><strong>papier peint amovible pour murs d&rsquo;accent<\/strong>&nbsp;\u2013 \u200b\u200b\u00ab&nbsp;&nbsp;<em>pas de papier peint<\/em>&nbsp;!&nbsp;\u00bb Eh bien, s&rsquo;il peut \u00eatre enlev\u00e9, vous voudrez peut-\u00eatre faire du papier peint vous-m\u00eame pour am\u00e9liorer les chambres ou les salles de bain.<\/li><li><strong>mise \u00e0 niveau des luminaires et utilisation de lampes \u00e0 Led<\/strong>&nbsp;&#8211; d\u00e9barrassez-vous de ces luminaires vieillissants et recouvrez-les de quelque chose de moderne.&nbsp;Les nouvelles ampoules LED \u00e9liminent la lumi\u00e8re jaune terne avec une lumi\u00e8re plus brillante, plus blanche et plus claire qui supprime l&rsquo;aspect terne de nombreux appartements.<\/li><li><strong>enlever un mur<\/strong>&nbsp;&#8211; s&rsquo;il existe un moyen d&rsquo;ouvrir votre ancien appartement en enlevant des murs, c&rsquo;est un moyen abordable de cr\u00e9er une expansion a\u00e9r\u00e9e que les locataires modernes adorent.&nbsp;Rien qu&rsquo;en \u00e9liminant ce sentiment \u00ab enferm\u00e9 \u00bb, vous obtiendrez des prix de location plus \u00e9lev\u00e9s.<\/li><li><strong>nouveau rev\u00eatement de sol<\/strong>&nbsp;\u2013 il existe&nbsp;de nouveaux rev\u00eatements&nbsp;de sol abordables et faciles \u00e0 installer.&nbsp;Leur apparence peut donner \u00e0 votre appartement un nouveau look qui vous aide \u00e0 facturer un loyer plus \u00e9lev\u00e9.<\/li><li><strong>de nouvelles <\/strong><a href=\"https:\/\/www.vitrier-artisan.com\/installation-double-vitrage.html\"><strong>fen\u00eatres<\/strong> de r\u00e9novation<\/a>&nbsp;&#8211; si possible, lorsque cela est permis, de&nbsp;nouvelles fen\u00eatres&nbsp;&nbsp;laissent entrer plus d&rsquo;air frais et de lumi\u00e8re.<\/li><li><strong>stores \u00e9l\u00e9gants<\/strong>&nbsp;&#8211; l&rsquo;ajout de stores modernes permet aux locataires d&rsquo;ajuster la quantit\u00e9 de lumi\u00e8re et \/ ou de chaleur du soleil dans l&rsquo;appartement.<\/li><li><strong>nouveaux \u00e9viers et appareils de plomberie<\/strong>&nbsp;&#8211; facilement la meilleure fa\u00e7on de cr\u00e9er un look penthouse haut de gamme.&nbsp;Les nouveaux&nbsp;robinets contr\u00f4l\u00e9s au toucher&nbsp;sont une caract\u00e9ristique \u00e9l\u00e9gante et pratique.<\/li><li><strong>nouveaux appareils de douche<\/strong>&nbsp;\u2013 l&rsquo;ajout d&rsquo;une pomme de douche \u00e0 effet pluie ou d&rsquo;une unit\u00e9 murale de massage est un \u00e9quipement inhabituel que la plupart des autres appartements n&rsquo;auront presque certainement jamais.<\/li><li><strong>support mural pour t\u00e9l\u00e9viseur \u00e0 \u00e9cran plat<\/strong>&nbsp;&#8211; il peut \u00eatre plac\u00e9 \u00e0 l&rsquo;endroit le plus utile et le plus judicieux pour permettre aux locataires de garder le t\u00e9l\u00e9viseur \u00e0 l&rsquo;\u00e9cart et au-dessus du sol.<\/li><li><strong>mur de cuisine ouvert avec table de bar et tabourets hauts<\/strong>&nbsp;&#8211; puisque la socialisation et le divertissement figurent en t\u00eate de liste des souhaits des locataires d&rsquo;appartements et de condos, une cuisine avec un coin bar avec des tabourets hauts la rend amusante et d\u00e9contract\u00e9e.<\/li><li><strong>grand cadre d&rsquo;art mural<\/strong>&nbsp;&#8211; en fournissant le cadre et plusieurs encarts, votre locataire peut choisir et imprimer son propre art pour l&rsquo;afficher sur le mur.&nbsp;C&rsquo;est leur choix d&rsquo;art, mais surtout, cela leur permet de remplir leur espace mural vide avec des images qui les mettent \u00e0 l&rsquo;aise et chez eux.<\/li><li><strong><a href=\"https:\/\/www.electricien-paris.com\/\">Remplacez l&rsquo;interrupteur d&rsquo;\u00e9clairage<\/a> par un variateur<\/strong>&nbsp;&#8211; les gradateurs sont une fonction bien pens\u00e9e qui leur permet de r\u00e9gler leurs niveaux d&rsquo;\u00e9clairage en fonction de leur humeur et de l&rsquo;heure de la journ\u00e9e\/de la soir\u00e9e.<\/li><li><strong>cr\u00e9ez plus d&rsquo;espace de rangement dans les chambres si n\u00e9cessaire<\/strong>&nbsp;&#8211; faire plus d&rsquo;espace pour les placards plaira \u00e0 coup s\u00fbr aux locataires f\u00e9minines, en particulier aux femmes de carri\u00e8re en d\u00e9placement.&nbsp;Ce pourrait \u00eatre l&rsquo;une des r\u00e9novations les plus abordables.<\/li><li><strong>nouvelles portes d&rsquo;armoires de cuisine et boutons de tiroirs<\/strong>&nbsp;&#8211; pas besoin de nouvelles armoires.&nbsp;Remplacez simplement les poign\u00e9es de porte et les poign\u00e9es obsol\u00e8tes.&nbsp;Ajoutez des glissi\u00e8res de tiroir silencieuses qui s&rsquo;arr\u00eatent doucement, pour impressionner les nouveaux locataires.<\/li><li><strong>utilisez des plaques d&rsquo;interrupteur d&rsquo;\u00e9clairage de meilleure qualit\u00e9<\/strong>&nbsp;&#8211; peut-\u00eatre le moyen le moins cher de donner \u00e0 votre appartement un aspect professionnel et moderne, et combinez cela avec de nouveaux interrupteurs tactiles et des gradateurs.<\/li><li><strong>porte- papier hygi\u00e9nique \u00e9l\u00e9gants<\/strong>&nbsp;&#8211; il existe une gamme de porte-papier hygi\u00e9nique modernes qui parlent d&rsquo;\u00e9l\u00e9gance et de go\u00fbt haut de gamme.<\/li><li><strong>de nouvelles <a href=\"https:\/\/www.serurier.com\/devis-serrurier.php\">poign\u00e9es de porte<\/a> au lieu de boutons de style ancien<\/strong>&nbsp;&#8211; les boutons de porte sont d\u00e9pass\u00e9s.&nbsp;Les poign\u00e9es sont plus faciles \u00e0 ouvrir et \u00e0 fermer et ont un aspect plus haut de gamme.<\/li><li><strong>appareils domestiques intelligents sans fil &#8211;&nbsp;<\/strong>les syst\u00e8mes de maison intelligente sans fil&nbsp;&nbsp;permettent aux locataires d&rsquo;utiliser leurs smartphones pour contr\u00f4ler l&rsquo;\u00e9clairage, la temp\u00e9rature et m\u00eame les stores.<\/li><li><strong>carreler le dosseret de comptoir de cuisine<\/strong>&nbsp;\u2013 un dosseret carrel\u00e9 moderne donne \u00e0 la cuisine un aspect distinctif et haut de gamme.<\/li><\/ol>\n\n\n\n<p class=\"has-text-align-center\"><strong><mark style=\"background-color:rgba(0, 0, 0, 0)\" class=\"has-inline-color has-vivid-cyan-blue-color\">DEVIS sur simple appel : 01.40.26.46.41<\/mark><\/strong><\/p>\n","protected":false},"excerpt":{"rendered":"<p>La r\u00e9novation d&rsquo;un appartement \u00e0 Paris et en \u00cele-de-France peut \u00eatre un projet passionnant, mais cela peut \u00e9galement \u00eatre source de stress et de pr\u00e9occupations. En effet, la r\u00e9novation d&rsquo;un appartement implique de nombreuses d\u00e9cisions et de nombreux choix, notamment en ce qui concerne le budget, les mat\u00e9riaux, les couleurs, etc. Il est donc important [&hellip;]<\/p>\n","protected":false},"author":1,"featured_media":0,"parent":0,"menu_order":0,"comment_status":"closed","ping_status":"closed","template":"","meta":[],"yoast_head":"<!-- This site is optimized with the Yoast SEO plugin v14.9 - https:\/\/yoast.com\/wordpress\/plugins\/seo\/ -->\n<title>R\u00e9novation appartement sur Paris et IDF<\/title>\n<meta name=\"robots\" content=\"index, follow, max-snippet:-1, max-image-preview:large, max-video-preview:-1\" \/>\n<link rel=\"canonical\" href=\"https:\/\/www.artisanat-services.com\/blog\/renovation-appartement-sur-paris-et-idf\/\" \/>\n<meta property=\"og:locale\" content=\"fr_FR\" \/>\n<meta property=\"og:type\" content=\"article\" \/>\n<meta property=\"og:title\" content=\"R\u00e9novation appartement sur Paris et IDF\" \/>\n<meta property=\"og:description\" content=\"La r\u00e9novation d&rsquo;un appartement \u00e0 Paris et en \u00cele-de-France peut \u00eatre un projet passionnant, mais cela peut \u00e9galement \u00eatre source de stress et de pr\u00e9occupations. En effet, la r\u00e9novation d&rsquo;un appartement implique de nombreuses d\u00e9cisions et de nombreux choix, notamment en ce qui concerne le budget, les mat\u00e9riaux, les couleurs, etc. Il est donc important [&hellip;]\" \/>\n<meta property=\"og:url\" content=\"https:\/\/www.artisanat-services.com\/blog\/renovation-appartement-sur-paris-et-idf\/\" \/>\n<meta property=\"og:site_name\" content=\"Artisans professionnels plombier serrurier vitrier \u00e9lectricien r\u00e9novation d&#039;appartement\" \/>\n<meta property=\"article:publisher\" content=\"https:\/\/www.facebook.com\/serrurier\" \/>\n<meta property=\"article:modified_time\" content=\"2023-01-05T22:36:57+00:00\" \/>\n<meta property=\"og:image\" content=\"https:\/\/www.artisanat-services.com\/blog\/wp-content\/uploads\/2022\/05\/renovation-appartement-paris-et-idf-1024x507.jpg\" \/>\n<script type=\"application\/ld+json\" class=\"yoast-schema-graph\">{\"@context\":\"https:\/\/schema.org\",\"@graph\":[{\"@type\":\"WebSite\",\"@id\":\"https:\/\/www.artisanat-services.com\/blog\/#website\",\"url\":\"https:\/\/www.artisanat-services.com\/blog\/\",\"name\":\"Artisans professionnels plombier serrurier vitrier \\u00e9lectricien r\\u00e9novation d&#039;appartement\",\"description\":\"Des Artisans Specialistes dans chaque Domaine Artisanal\",\"potentialAction\":[{\"@type\":\"SearchAction\",\"target\":\"https:\/\/www.artisanat-services.com\/blog\/?s={search_term_string}\",\"query-input\":\"required name=search_term_string\"}],\"inLanguage\":\"fr-FR\"},{\"@type\":\"ImageObject\",\"@id\":\"https:\/\/www.artisanat-services.com\/blog\/renovation-appartement-sur-paris-et-idf\/#primaryimage\",\"inLanguage\":\"fr-FR\",\"url\":\"https:\/\/www.artisanat-services.com\/blog\/wp-content\/uploads\/2022\/05\/renovation-appartement-paris-et-idf.jpg\",\"width\":2000,\"height\":990},{\"@type\":\"WebPage\",\"@id\":\"https:\/\/www.artisanat-services.com\/blog\/renovation-appartement-sur-paris-et-idf\/#webpage\",\"url\":\"https:\/\/www.artisanat-services.com\/blog\/renovation-appartement-sur-paris-et-idf\/\",\"name\":\"R\\u00e9novation appartement sur Paris et IDF\",\"isPartOf\":{\"@id\":\"https:\/\/www.artisanat-services.com\/blog\/#website\"},\"primaryImageOfPage\":{\"@id\":\"https:\/\/www.artisanat-services.com\/blog\/renovation-appartement-sur-paris-et-idf\/#primaryimage\"},\"datePublished\":\"2022-05-25T11:29:50+00:00\",\"dateModified\":\"2023-01-05T22:36:57+00:00\",\"inLanguage\":\"fr-FR\",\"potentialAction\":[{\"@type\":\"ReadAction\",\"target\":[\"https:\/\/www.artisanat-services.com\/blog\/renovation-appartement-sur-paris-et-idf\/\"]}]}]}<\/script>\n<!-- \/ Yoast SEO plugin. -->","_links":{"self":[{"href":"https:\/\/www.artisanat-services.com\/blog\/wp-json\/wp\/v2\/pages\/1331"}],"collection":[{"href":"https:\/\/www.artisanat-services.com\/blog\/wp-json\/wp\/v2\/pages"}],"about":[{"href":"https:\/\/www.artisanat-services.com\/blog\/wp-json\/wp\/v2\/types\/page"}],"author":[{"embeddable":true,"href":"https:\/\/www.artisanat-services.com\/blog\/wp-json\/wp\/v2\/users\/1"}],"replies":[{"embeddable":true,"href":"https:\/\/www.artisanat-services.com\/blog\/wp-json\/wp\/v2\/comments?post=1331"}],"version-history":[{"count":3,"href":"https:\/\/www.artisanat-services.com\/blog\/wp-json\/wp\/v2\/pages\/1331\/revisions"}],"predecessor-version":[{"id":1418,"href":"https:\/\/www.artisanat-services.com\/blog\/wp-json\/wp\/v2\/pages\/1331\/revisions\/1418"}],"wp:attachment":[{"href":"https:\/\/www.artisanat-services.com\/blog\/wp-json\/wp\/v2\/media?parent=1331"}],"curies":[{"name":"wp","href":"https:\/\/api.w.org\/{rel}","templated":true}]}}