{"id":13,"date":"2010-01-27T10:48:46","date_gmt":"2010-01-27T09:48:46","guid":{"rendered":"http:\/\/www.artisanat-services.com\/blog\/?page_id=13"},"modified":"2023-01-05T23:40:16","modified_gmt":"2023-01-05T22:40:16","slug":"histoire-de-la-serrurerie","status":"publish","type":"page","link":"https:\/\/www.artisanat-services.com\/blog\/histoire-de-la-serrurerie\/","title":{"rendered":"Histoire de la serrurerie et d\u00e9pannage serrurier"},"content":{"rendered":"\t\t<div data-elementor-type=\"wp-page\" data-elementor-id=\"13\" class=\"elementor elementor-13\">\n\t\t\t\t\t\t\t\t\t<section class=\"elementor-section elementor-top-section elementor-element elementor-element-43138cb1 elementor-section-boxed elementor-section-height-default elementor-section-height-default\" data-id=\"43138cb1\" data-element_type=\"section\">\n\t\t\t\t\t\t<div class=\"elementor-container elementor-column-gap-default\">\n\t\t\t\t\t<div class=\"elementor-column elementor-col-100 elementor-top-column elementor-element elementor-element-2769f89d\" data-id=\"2769f89d\" data-element_type=\"column\">\n\t\t\t<div class=\"elementor-widget-wrap elementor-element-populated\">\n\t\t\t\t\t\t\t\t<div class=\"elementor-element elementor-element-371c5982 elementor-widget elementor-widget-text-editor\" data-id=\"371c5982\" data-element_type=\"widget\" data-widget_type=\"text-editor.default\">\n\t\t\t\t<div class=\"elementor-widget-container\">\n\t\t\t<style>\/*! elementor - v3.6.6 - 08-06-2022 *\/\n.elementor-widget-text-editor.elementor-drop-cap-view-stacked .elementor-drop-cap{background-color:#818a91;color:#fff}.elementor-widget-text-editor.elementor-drop-cap-view-framed .elementor-drop-cap{color:#818a91;border:3px solid;background-color:transparent}.elementor-widget-text-editor:not(.elementor-drop-cap-view-default) .elementor-drop-cap{margin-top:8px}.elementor-widget-text-editor:not(.elementor-drop-cap-view-default) .elementor-drop-cap-letter{width:1em;height:1em}.elementor-widget-text-editor .elementor-drop-cap{float:left;text-align:center;line-height:1;font-size:50px}.elementor-widget-text-editor .elementor-drop-cap-letter{display:inline-block}<\/style>\t\t\t\t<h1><strong style=\"font-size: 13px;\">La petite histoire de la serrurerie et du d\u00e9pannage de serrure<\/strong><\/h1>\n<div>\n<p><strong>La naissance de la serrurerie<\/strong><\/p>\n<p>Soucieux de vouloir prot\u00e9ger ses biens et ses proches, l\u2019homme \u00e0 toujours consid\u00e9rer la s\u00e9curit\u00e9 comme pr\u00e9occupation premi\u00e8re.<\/p>\n<p>Depuis l\u2019homme pr\u00e9historique, qui utilis\u00e9 de lourdes pierres pour prot\u00e9ger leur habitat des \u00e9trangers et des animaux, l\u2019homme inventif de nature, perfectionna au fil du temps des solutions pour s\u00e9curiser son logis.<\/p>\n<p>L\u2019homme se perfectionnant, assembla des planches pivotant autour de pivots de bois\u00a0: <strong>la naissance de la porte<\/strong>.<\/p>\n<p>Mais pouvant \u00eatre ouverte par n\u2019importe qui, l\u2019homme trouva alors l\u2019id\u00e9e de lacer dans deux encoches, une barre de bois qu\u2019il fallait soulever du sol \u00e0 chaque fois qu\u2019il souhaiter ouvrir la porte\u00a0: <strong>la naissance du verrou<\/strong>.<\/p>\n<p>Toujours plus inventif, l\u2019homme d\u00e9cide de passer un objet au travers de cette porte pour garantir le fonctionnement de ce verrou\u00a0: <strong>la naissance de la cl\u00e9<\/strong>.<\/p>\n<p>N\u2019\u00e9tant malheureusement pas s\u00fbrs, ces premiers verrous rudimentaires, appara\u00eet alors la cheville mobile de bois. En retombant sous l\u2019effet de son propre poids, assure la fermeture du m\u00e9canisme\u00a0: <strong>la naissance de la serrure<\/strong>.<\/p>\n<p><strong>L\u2019\u00e9volution de la serrurerie<\/strong><\/p>\n<p>La serrurerie de nos jours doit remonter \u00e0 4000 av JC, c\u2019est-\u00e0-dire \u00e0 l\u2019apparition de la m\u00e9tallurgie.<\/p>\n<p>En France, c\u2019est \u00e0 partir du XVII \u00e8me si\u00e8cle que la serrurerie acquiert ses lettres de noblesses.<\/p>\n<p>En 1645, d\u00e9bute l\u2019<b>histoire de la serrurerie<\/b> fran\u00e7aise. A cette \u00e9poque, seul l\u2019artisan serrurier est ma\u00eetre de son art. C\u2019est sous le r\u00e8gne de Louis XIV, que l\u2019on voit appara\u00eetre les premiers ateliers de serrurerie.<\/p>\n<p>C\u2019est \u00e0 ce m\u00eame moment que la soci\u00e9t\u00e9 membre de l\u2019Observatoire de la S\u00e9curit\u00e9 voit le jour\u00a0: JPM.<\/p>\n<p>Le XVIII \u00e8me\u00a0 si\u00e8cle, voit \u00e9clore de nombreuses entreprises de serrurerie dont la marque \u00e0 traverser le temps\u00a0:<\/p>\n<p>1721\u00a0: Picard<\/p>\n<p>1740\u00a0: Fontaine<\/p>\n<p>1788\u00a0: Laperche<\/p>\n<p>Les anglais, BARRON et BRAMAH contribuent \u00e0 l\u2019\u00e9volution de la technique de la serrure.<\/p>\n<p>En 1784, BRAMAH miniaturise la cl\u00e9 et les gorges qu\u2019il r\u00e9unit dans un organe d\u00e9finit introduit ensuite sur le coffrage de la serrure\u00a0: <strong>la naissance du cylindre ou canon<\/strong>.<\/p>\n<p>Depuis l\u2019antiquit\u00e9, la serrure a connu de nombreuses modifications techniques.<\/p>\n<p>La r\u00e9volution industrielle, avec l\u2019arriv\u00e9e de l\u2019\u00e9lectricit\u00e9 s\u2019acc\u00e9l\u00e8re, le m\u00e9tier se transforme notamment avec la cr\u00e9ation de Fichet en 1825, Debeaurain en 1830, Vachette en 1864, Bezault en 1870, et Stremler en 1896.<\/p>\n<p><strong>D\u00e9finition et r\u00e9glementation de la serrurerie<\/strong><\/p>\n<p>En 1823, MORISOT (v\u00e9rificateur de b\u00e2timents) donna la d\u00e9finition suivante de la serrurerie\u00a0:<\/p>\n<p>\u00ab\u00a0La serrurerie a deux genre de fournitures. L\u2019un comprend tous les ouvrages qui se fa\u00e7onnent dans l\u2019atelier, par le travail de la forge et de la lime\u2026L\u2019autre comprend les objets fabriqu\u00e9s, connus sous la d\u00e9nomination g\u00e9n\u00e9rale de quincaillerie\u00a0\u00bb.<\/p>\n<p>A cette \u00e9poque on trouvait dans les quincailleries, tous les produits d\u2019usage domestique. le <a href=\"https:\/\/www.serrurerie-blindage.com\/\">blindage de porte<\/a> n\u2019\u00e9tait d&rsquo;aucune utilit\u00e9.<\/p>\n<p>Les grandes maisons de serrurerie du XIX et XX \u00e8me si\u00e8cle, Bricard, Fontaine, Vaillant, Fichet sont les vraies successeurs des quincailliers marchands.<\/p>\n<p>Proc\u00e8s et appel ont marqu\u00e9 l\u2019histoire des m\u00e9tiers parisiens jusqu\u2019au XVIII \u00e8me si\u00e8cle.<\/p>\n<p>En 1537, \u00e0 la demande des gardes du m\u00e9tier, le roi Henri II accorda des lettres patentes aux serruriers stipulant que les \u00ab\u00a0ferronniers, merciers et marchands faisant et exer\u00e7ant train et trafic d\u2019ouvrages d\u00e9pendant et concernant le m\u00e9tier ou manufacture de serrurerie seront sujets \u00e0 la visite des jur\u00e9s serruriers\u00a0\u00bb.<\/p>\n<p>Leur statut fut confirm\u00e9 par le roi Louis XIII en janvier 1613.<\/p>\n<p>Le 12 mars 1677, un arr\u00eat du parlement concernait la visite des jur\u00e9s serruriers chez les artisans qui vendaient des serrures et d\u2019autres objets de quincaillerie et mentionne que\u00a0: \u00ab\u00a0la cour a maintenu et gard\u00e9 aux ma\u00eetres serruriers au droit de visiter deux fois l\u2019ann\u00e9e les boutiques et maisons des dits marchands merciers, les ouvrages de serrures, gonds, pattes, verrou et fiches qui s\u2019appliquent tant aux portes qu\u2019aux fen\u00eatres des maisons seulement, suivant et conform\u00e9ment \u00e0 l\u2019arr\u00eat du 26 juin 1638 \u00e0 la charge par les jur\u00e9s serruriers d\u2019appeler un garde des dits marchands merciers pour assister avec les dits jur\u00e9s \u00e0 ladite visite sans frais.<\/p>\n<p>En 1776, apr\u00e8s bien des reprises, des ordonnances de police ont \u00e9t\u00e9 mises en place pour interdire aux ferrailleurs de r\u00e9parer les vielles cl\u00e9s, stipulant de plus que toutes cl\u00e9s d\u00e9pourvues de la serrure devaient \u00eatre rapport\u00e9es \u00e0 la police.<\/p>\n<p>Peu \u00e0 peu, le fer forg\u00e9 tomba \u00e0 l\u2019abandon pour laisser place \u00e0 la fonte.<\/p>\n<p>Aujourd\u2019hui, les anciens textes sont toujours en vigueur bien que tomb\u00e9s en d\u00e9su\u00e9tude.<\/p>\n<p>Aujourd\u2019hui la notion de <a href=\"https:\/\/www.serurier.com\/depannage-serrurier-urgence.php\">d\u00e9pannage serrure<\/a> est le plus utilis\u00e9e car toute les maisons ou appartement ont d\u00e9j\u00e0 leur serrure et les probl\u00e8mes commencent.<\/p>\n<p style=\"border: 0px solid #d9d9e3; --tw-border-spacing-x: 0; --tw-border-spacing-y: 0; --tw-translate-x: 0; --tw-translate-y: 0; --tw-rotate: 0; --tw-skew-x: 0; --tw-skew-y: 0; --tw-scale-x: 1; --tw-scale-y: 1; --tw-scroll-snap-strictness: proximity; --tw-ring-offset-width: 0px; --tw-ring-offset-color: #fff; --tw-ring-color: rgba(59,130,246,0.5); --tw-ring-offset-shadow: 0 0 transparent; --tw-ring-shadow: 0 0 transparent; --tw-shadow: 0 0 transparent; --tw-shadow-colored: 0 0 transparent; margin: 0px 0px 1.25em; color: #d1d5db; font-family: S\u00f6hne, ui-sans-serif, system-ui, -apple-system, 'Segoe UI', Roboto, Ubuntu, Cantarell, 'Noto Sans', sans-serif, 'Helvetica Neue', Arial, 'Apple Color Emoji', 'Segoe UI Emoji', 'Segoe UI Symbol', 'Noto Color Emoji'; font-size: 16px; text-align: start; white-space: pre-wrap; background-color: #444654;\">L&rsquo;histoire de la serrurerie remonte \u00e0 l&rsquo;Antiquit\u00e9, lorsque les premi\u00e8res civilisations ont commenc\u00e9 \u00e0 utiliser des verrous pour prot\u00e9ger leurs biens et leur s\u00e9curit\u00e9. Au fil des si\u00e8cles, les verrous et les serrures ont connu de nombreuses \u00e9volutions et sont devenus de plus en plus sophistiqu\u00e9s.<\/p>\n<p style=\"border: 0px solid #d9d9e3; --tw-border-spacing-x: 0; --tw-border-spacing-y: 0; --tw-translate-x: 0; --tw-translate-y: 0; --tw-rotate: 0; --tw-skew-x: 0; --tw-skew-y: 0; --tw-scale-x: 1; --tw-scale-y: 1; --tw-scroll-snap-strictness: proximity; --tw-ring-offset-width: 0px; --tw-ring-offset-color: #fff; --tw-ring-color: rgba(59,130,246,0.5); --tw-ring-offset-shadow: 0 0 transparent; --tw-ring-shadow: 0 0 transparent; --tw-shadow: 0 0 transparent; --tw-shadow-colored: 0 0 transparent; margin: 1.25em 0px; color: #d1d5db; font-family: S\u00f6hne, ui-sans-serif, system-ui, -apple-system, 'Segoe UI', Roboto, Ubuntu, Cantarell, 'Noto Sans', sans-serif, 'Helvetica Neue', Arial, 'Apple Color Emoji', 'Segoe UI Emoji', 'Segoe UI Symbol', 'Noto Color Emoji'; font-size: 16px; text-align: start; white-space: pre-wrap; background-color: #444654;\">Au Moyen \u00c2ge, les serrures \u00e9taient principalement utilis\u00e9es dans les ch\u00e2teaux et les demeures nobles pour prot\u00e9ger les biens et les personnes. Les serrures de cette \u00e9poque \u00e9taient g\u00e9n\u00e9ralement en fer et se verrouillaient \u00e0 l&rsquo;aide d&rsquo;une cl\u00e9.<\/p>\n<p style=\"border: 0px solid #d9d9e3; --tw-border-spacing-x: 0; --tw-border-spacing-y: 0; --tw-translate-x: 0; --tw-translate-y: 0; --tw-rotate: 0; --tw-skew-x: 0; --tw-skew-y: 0; --tw-scale-x: 1; --tw-scale-y: 1; --tw-scroll-snap-strictness: proximity; --tw-ring-offset-width: 0px; --tw-ring-offset-color: #fff; --tw-ring-color: rgba(59,130,246,0.5); --tw-ring-offset-shadow: 0 0 transparent; --tw-ring-shadow: 0 0 transparent; --tw-shadow: 0 0 transparent; --tw-shadow-colored: 0 0 transparent; margin: 1.25em 0px; color: #d1d5db; font-family: S\u00f6hne, ui-sans-serif, system-ui, -apple-system, 'Segoe UI', Roboto, Ubuntu, Cantarell, 'Noto Sans', sans-serif, 'Helvetica Neue', Arial, 'Apple Color Emoji', 'Segoe UI Emoji', 'Segoe UI Symbol', 'Noto Color Emoji'; font-size: 16px; text-align: start; white-space: pre-wrap; background-color: #444654;\">Au XIXe si\u00e8cle, la serrurerie a connu un v\u00e9ritable essor avec l&rsquo;invention de la serrure \u00e0 cylindre. Cette innovation a permis de d\u00e9velopper des serrures plus fiables et plus s\u00fbres. Depuis, la serrurerie a continu\u00e9 \u00e0 \u00e9voluer avec l&rsquo;introduction de nouvelles technologies et de mat\u00e9riaux innovants.<\/p>\n<p style=\"border: 0px solid #d9d9e3; --tw-border-spacing-x: 0; --tw-border-spacing-y: 0; --tw-translate-x: 0; --tw-translate-y: 0; --tw-rotate: 0; --tw-skew-x: 0; --tw-skew-y: 0; --tw-scale-x: 1; --tw-scale-y: 1; --tw-scroll-snap-strictness: proximity; --tw-ring-offset-width: 0px; --tw-ring-offset-color: #fff; --tw-ring-color: rgba(59,130,246,0.5); --tw-ring-offset-shadow: 0 0 transparent; --tw-ring-shadow: 0 0 transparent; --tw-shadow: 0 0 transparent; --tw-shadow-colored: 0 0 transparent; margin: 1.25em 0px; color: #d1d5db; font-family: S\u00f6hne, ui-sans-serif, system-ui, -apple-system, 'Segoe UI', Roboto, Ubuntu, Cantarell, 'Noto Sans', sans-serif, 'Helvetica Neue', Arial, 'Apple Color Emoji', 'Segoe UI Emoji', 'Segoe UI Symbol', 'Noto Color Emoji'; font-size: 16px; text-align: start; white-space: pre-wrap; background-color: #444654;\">Aujourd&rsquo;hui, la serrurerie est un domaine en constante \u00e9volution et les serruriers sont de v\u00e9ritables experts dans leur domaine. En cas de probl\u00e8me avec votre serrure, il est recommand\u00e9 de faire appel \u00e0 un serrurier professionnel pour un d\u00e9pannage rapide et efficace. Un serrurier exp\u00e9riment\u00e9 sera en mesure de diagnostiquer rapidement le probl\u00e8me et de trouver la meilleure solution pour r\u00e9soudre votre probl\u00e8me de serrure.<\/p>\n<p style=\"border: 0px solid #d9d9e3; --tw-border-spacing-x: 0; --tw-border-spacing-y: 0; --tw-translate-x: 0; --tw-translate-y: 0; --tw-rotate: 0; --tw-skew-x: 0; --tw-skew-y: 0; --tw-scale-x: 1; --tw-scale-y: 1; --tw-scroll-snap-strictness: proximity; --tw-ring-offset-width: 0px; --tw-ring-offset-color: #fff; --tw-ring-color: rgba(59,130,246,0.5); --tw-ring-offset-shadow: 0 0 transparent; --tw-ring-shadow: 0 0 transparent; --tw-shadow: 0 0 transparent; --tw-shadow-colored: 0 0 transparent; margin: 1.25em 0px 0px; color: #d1d5db; font-family: S\u00f6hne, ui-sans-serif, system-ui, -apple-system, 'Segoe UI', Roboto, Ubuntu, Cantarell, 'Noto Sans', sans-serif, 'Helvetica Neue', Arial, 'Apple Color Emoji', 'Segoe UI Emoji', 'Segoe UI Symbol', 'Noto Color Emoji'; font-size: 16px; text-align: start; white-space: pre-wrap; background-color: #444654;\">En r\u00e9sum\u00e9, l&rsquo;histoire de la serrurerie remonte \u00e0 l&rsquo;Antiquit\u00e9 et a connu de nombreuses \u00e9volutions au fil des si\u00e8cles. Aujourd&rsquo;hui, les serruriers sont de v\u00e9ritables experts dans leur domaine et sont en mesure de proposer des solutions efficaces pour d\u00e9panner tous types de serrures. N&rsquo;h\u00e9sitez pas \u00e0 faire appel \u00e0 un serrurier professionnel en cas de probl\u00e8me avec votre serrure.<\/p>\n<p>Il convient de conna\u00eetre deux articles du code p\u00e9nal.<\/p>\n<p><strong>Article 398<\/strong><\/p>\n<p>Sont qualifi\u00e9s \u00ab\u00a0fausses cl\u00e9s\u00a0\u00bb tous crochets, rossignols, passe-partout, cl\u00e9s imit\u00e9es, contrefaites, alt\u00e9r\u00e9es ou qui n\u2019ont pas \u00e9t\u00e9 destin\u00e9es par le propri\u00e9taire, locataire, aubergiste ou logeur, aux serrures, cadenas ou aux fermetures quelconques auxquelles le coupable les aura employ\u00e9.<\/p>\n<p><strong>Article 399<\/strong><\/p>\n<p>Quiconque aura contrefait ou alt\u00e9r\u00e9 des cl\u00e9s sera condamn\u00e9 \u00e0 un emprisonnement de 3 mois \u00e0 2 ans et \u00e0 une amende de 75 \u00e0 2250\u20ac, si le coupable est serrurier de profession, il sera puni d\u2019un emprisonnement de 2ans \u00e0 5ans et d\u2019 une amende de 75 \u00e0 2250\u20ac.<\/p>\n<\/div>\n<p><!-- wp:image {\"id\":725,\"sizeSlug\":\"large\",\"linkDestination\":\"media\"} --><\/p>\n<figure class=\"wp-block-image size-large\"><a href=\"https:\/\/www.artisanat-services.com\/blog\/wp-content\/uploads\/2013\/01\/adaptation-cylindre-serrure-Paris-9eme1.jpg\"><img loading=\"lazy\" width=\"305\" height=\"280\" class=\"wp-image-725\" src=\"https:\/\/www.artisanat-services.com\/blog\/wp-content\/uploads\/2013\/01\/adaptation-cylindre-serrure-Paris-9eme1.jpg\" alt=\"serurier.com\" srcset=\"https:\/\/www.artisanat-services.com\/blog\/wp-content\/uploads\/2013\/01\/adaptation-cylindre-serrure-Paris-9eme1.jpg 305w, https:\/\/www.artisanat-services.com\/blog\/wp-content\/uploads\/2013\/01\/adaptation-cylindre-serrure-Paris-9eme1-300x275.jpg 300w\" sizes=\"(max-width: 305px) 100vw, 305px\" \/><\/a><\/figure>\n<p><!-- \/wp:image --><\/p>\t\t\t\t\t\t<\/div>\n\t\t\t\t<\/div>\n\t\t\t\t\t<\/div>\n\t\t<\/div>\n\t\t\t\t\t\t\t<\/div>\n\t\t<\/section>\n\t\t\t\t\t\t\t<\/div>\n\t\t","protected":false},"excerpt":{"rendered":"<p>La petite histoire de la serrurerie et du d\u00e9pannage de serrure La naissance de la serrurerie Soucieux de vouloir prot\u00e9ger ses biens et ses proches, l\u2019homme \u00e0 toujours consid\u00e9rer la s\u00e9curit\u00e9 comme pr\u00e9occupation premi\u00e8re. Depuis l\u2019homme pr\u00e9historique, qui utilis\u00e9 de lourdes pierres pour prot\u00e9ger leur habitat des \u00e9trangers et des animaux, l\u2019homme inventif de nature, [&hellip;]<\/p>\n","protected":false},"author":1,"featured_media":0,"parent":0,"menu_order":0,"comment_status":"closed","ping_status":"closed","template":"","meta":[],"yoast_head":"<!-- This site is optimized with the Yoast SEO plugin v14.9 - https:\/\/yoast.com\/wordpress\/plugins\/seo\/ -->\n<title>Histoire de la serrurerie et d\u00e9pannage serrurier<\/title>\n<meta name=\"robots\" content=\"index, follow, max-snippet:-1, max-image-preview:large, max-video-preview:-1\" \/>\n<link rel=\"canonical\" href=\"https:\/\/www.artisanat-services.com\/blog\/histoire-de-la-serrurerie\/\" \/>\n<meta property=\"og:locale\" content=\"fr_FR\" \/>\n<meta property=\"og:type\" content=\"article\" \/>\n<meta property=\"og:title\" content=\"Histoire de la serrurerie et d\u00e9pannage serrurier\" \/>\n<meta property=\"og:description\" content=\"La petite histoire de la serrurerie et du d\u00e9pannage de serrure La naissance de la serrurerie Soucieux de vouloir prot\u00e9ger ses biens et ses proches, l\u2019homme \u00e0 toujours consid\u00e9rer la s\u00e9curit\u00e9 comme pr\u00e9occupation premi\u00e8re. Depuis l\u2019homme pr\u00e9historique, qui utilis\u00e9 de lourdes pierres pour prot\u00e9ger leur habitat des \u00e9trangers et des animaux, l\u2019homme inventif de nature, [&hellip;]\" \/>\n<meta property=\"og:url\" content=\"https:\/\/www.artisanat-services.com\/blog\/histoire-de-la-serrurerie\/\" \/>\n<meta property=\"og:site_name\" content=\"Artisans professionnels plombier serrurier vitrier \u00e9lectricien r\u00e9novation d&#039;appartement\" \/>\n<meta property=\"article:publisher\" content=\"https:\/\/www.facebook.com\/serrurier\" \/>\n<meta property=\"article:modified_time\" content=\"2023-01-05T22:40:16+00:00\" \/>\n<meta property=\"og:image\" content=\"https:\/\/www.artisanat-services.com\/blog\/wp-content\/uploads\/2013\/01\/adaptation-cylindre-serrure-Paris-9eme1.jpg\" \/>\n<script type=\"application\/ld+json\" class=\"yoast-schema-graph\">{\"@context\":\"https:\/\/schema.org\",\"@graph\":[{\"@type\":\"WebSite\",\"@id\":\"https:\/\/www.artisanat-services.com\/blog\/#website\",\"url\":\"https:\/\/www.artisanat-services.com\/blog\/\",\"name\":\"Artisans professionnels plombier serrurier vitrier \\u00e9lectricien r\\u00e9novation d&#039;appartement\",\"description\":\"Des Artisans Specialistes dans chaque Domaine Artisanal\",\"potentialAction\":[{\"@type\":\"SearchAction\",\"target\":\"https:\/\/www.artisanat-services.com\/blog\/?s={search_term_string}\",\"query-input\":\"required name=search_term_string\"}],\"inLanguage\":\"fr-FR\"},{\"@type\":\"ImageObject\",\"@id\":\"https:\/\/www.artisanat-services.com\/blog\/histoire-de-la-serrurerie\/#primaryimage\",\"inLanguage\":\"fr-FR\",\"url\":\"https:\/\/www.artisanat-services.com\/blog\/wp-content\/uploads\/2013\/01\/adaptation-cylindre-serrure-Paris-9eme1.jpg\",\"width\":305,\"height\":280,\"caption\":\"serurier.com\"},{\"@type\":\"WebPage\",\"@id\":\"https:\/\/www.artisanat-services.com\/blog\/histoire-de-la-serrurerie\/#webpage\",\"url\":\"https:\/\/www.artisanat-services.com\/blog\/histoire-de-la-serrurerie\/\",\"name\":\"Histoire de la serrurerie et d\\u00e9pannage serrurier\",\"isPartOf\":{\"@id\":\"https:\/\/www.artisanat-services.com\/blog\/#website\"},\"primaryImageOfPage\":{\"@id\":\"https:\/\/www.artisanat-services.com\/blog\/histoire-de-la-serrurerie\/#primaryimage\"},\"datePublished\":\"2010-01-27T09:48:46+00:00\",\"dateModified\":\"2023-01-05T22:40:16+00:00\",\"inLanguage\":\"fr-FR\",\"potentialAction\":[{\"@type\":\"ReadAction\",\"target\":[\"https:\/\/www.artisanat-services.com\/blog\/histoire-de-la-serrurerie\/\"]}]}]}<\/script>\n<!-- \/ Yoast SEO plugin. -->","_links":{"self":[{"href":"https:\/\/www.artisanat-services.com\/blog\/wp-json\/wp\/v2\/pages\/13"}],"collection":[{"href":"https:\/\/www.artisanat-services.com\/blog\/wp-json\/wp\/v2\/pages"}],"about":[{"href":"https:\/\/www.artisanat-services.com\/blog\/wp-json\/wp\/v2\/types\/page"}],"author":[{"embeddable":true,"href":"https:\/\/www.artisanat-services.com\/blog\/wp-json\/wp\/v2\/users\/1"}],"replies":[{"embeddable":true,"href":"https:\/\/www.artisanat-services.com\/blog\/wp-json\/wp\/v2\/comments?post=13"}],"version-history":[{"count":3,"href":"https:\/\/www.artisanat-services.com\/blog\/wp-json\/wp\/v2\/pages\/13\/revisions"}],"predecessor-version":[{"id":1419,"href":"https:\/\/www.artisanat-services.com\/blog\/wp-json\/wp\/v2\/pages\/13\/revisions\/1419"}],"wp:attachment":[{"href":"https:\/\/www.artisanat-services.com\/blog\/wp-json\/wp\/v2\/media?parent=13"}],"curies":[{"name":"wp","href":"https:\/\/api.w.org\/{rel}","templated":true}]}}